   {"id":244,"date":"2021-11-24T10:59:58","date_gmt":"2021-11-24T09:59:58","guid":{"rendered":"http:\/\/new.lifework.sk\/?page_id=244"},"modified":"2021-12-10T12:22:40","modified_gmt":"2021-12-10T11:22:40","slug":"for-companies","status":"publish","type":"page","link":"https:\/\/lifework.sk\/en\/for-companies\/","title":{"rendered":"FOR COMPANIES"},"content":{"rendered":"<p><\/p>\n<p>Care for employees at every stage of the employee\u2019s life cycle\u2014and thus for redundancies\u2014should be moved to the forefront of human resource management. Corporate governance demonstrates social responsibility in specific situations. The way enterprises approach redundancies and dismissals, affects how employees understand their job loss responsibility and the reasons for unemployment. Outplacement can therefore positively influence the responses of redundant employees.<\/p>\n<p>Outplacement programs are extremely <strong>important<\/strong> not only for employees who have been <strong>dismissed<\/strong>, but also for those <strong>remaining<\/strong> employees and for the <strong>organization<\/strong>:<\/p>\n<h3>Dismissed employees &#8211; benefits:<\/h3>\n<ul>\n<li>Better chances of re-employment than those who have received little or no support<\/li>\n<li>Maintaining positive relationships with a former employer<\/li>\n<\/ul>\n<h3>Remaining employees and organization &#8211; benefits:<\/h3>\n<ul>\n<li>Stabilisation of the atmosphere within the company \u2013 outplacing minimizes potential organizational disruption and loss of morale as result of dismissals. This can result in the improvement of employee retention.<\/li>\n<li>Building a reputation as being a socially sustainable company<\/li>\n<li>Dismissed employees can become a direct customer of the company in the future being aware of its products and service quality<\/li>\n<\/ul>\n<h3><strong>Research<\/strong> conducted among employees of enterprises <strong>in the Slovak Republic<\/strong> has shown that:<\/h3>\n<ul>\n<li>Most employees are interested in benefitting from outplacement programs in enterprises.<\/li>\n<li>Employees of enterprises perceive the potential usability of outplacement programs strongly.<\/li>\n<li>Employees who have previously been made redundant are more interested in outplacement programs.<\/li>\n<li>Redundancies are a very sensitive and unpleasant matter and mostly uncomfortable and frustrating for all stakeholders, dismissed employees themselves and their colleagues but also their superiors.<\/li>\n<\/ul>\n<p><strong>This confirms the usefulness of outplacement services and indicates urgent need of outplacement implementation.<\/strong><strong>*<\/strong><\/p>\n<h3>Why outplacement with Lifework?<\/h3>\n<ul>\n<li><strong>High quality outplacement<\/strong><br \/>The essence of our approach is active support of client throughout the job-search process. We bear the responsibility of full use of available outplacement tools.<\/li>\n<li><strong>Reverse Headhunting<\/strong><br \/>We focus on Reverse Headhunting as the fastest way of finding out hidden job market opportunities.<\/li>\n<li><strong>Predictable and clear outplacement service<\/strong><br \/>You know exactly from the beginning, what is included in the service, time range of each service and corresponding costs.<\/li>\n<\/ul>\n<p><em>*Adapted from:<br \/>Gyur\u00e1k Babe\u013eov\u00e1, Z.; Stare\u010dek, A.; Cag\u00e1\u0148ov\u00e1, D.; Fero, M.; \u010camb\u00e1l, M. Perceived Serviceability of Outplacement Programs as a Part of Sustainable Human Resource Management. Sustainability 2019, 11, 4748. https:\/\/doi.org\/10.3390\/su11174748<\/em><\/p>\n<p><\/p>","protected":false},"excerpt":{"rendered":"<p>Care for employees at every stage of the employee\u2019s life cycle\u2014and thus for redundancies\u2014should be moved to the forefront of human resource management. Corporate governance demonstrates social responsibility in specific situations. The way enterprises approach redundancies and dismissals, affects how employees understand their job loss responsibility and the reasons for unemployment. Outplacement can therefore positively [&hellip;]<\/p>\n","protected":false},"author":1,"featured_media":109,"parent":0,"menu_order":0,"comment_status":"closed","ping_status":"closed","template":"firmy-template.php","meta":{"_acf_changed":false,"footnotes":""},"class_list":["post-244","page","type-page","status-publish","has-post-thumbnail","hentry"],"acf":[],"_links":{"self":[{"href":"https:\/\/lifework.sk\/en\/wp-json\/wp\/v2\/pages\/244","targetHints":{"allow":["GET"]}}],"collection":[{"href":"https:\/\/lifework.sk\/en\/wp-json\/wp\/v2\/pages"}],"about":[{"href":"https:\/\/lifework.sk\/en\/wp-json\/wp\/v2\/types\/page"}],"author":[{"embeddable":true,"href":"https:\/\/lifework.sk\/en\/wp-json\/wp\/v2\/users\/1"}],"replies":[{"embeddable":true,"href":"https:\/\/lifework.sk\/en\/wp-json\/wp\/v2\/comments?post=244"}],"version-history":[{"count":6,"href":"https:\/\/lifework.sk\/en\/wp-json\/wp\/v2\/pages\/244\/revisions"}],"predecessor-version":[{"id":529,"href":"https:\/\/lifework.sk\/en\/wp-json\/wp\/v2\/pages\/244\/revisions\/529"}],"wp:featuredmedia":[{"embeddable":true,"href":"https:\/\/lifework.sk\/en\/wp-json\/wp\/v2\/media\/109"}],"wp:attachment":[{"href":"https:\/\/lifework.sk\/en\/wp-json\/wp\/v2\/media?parent=244"}],"curies":[{"name":"wp","href":"https:\/\/api.w.org\/{rel}","templated":true}]}}