   {"id":511,"date":"2021-12-08T09:28:36","date_gmt":"2021-12-08T08:28:36","guid":{"rendered":"https:\/\/new.lifework.sk\/?page_id=511"},"modified":"2022-01-11T09:30:55","modified_gmt":"2022-01-11T08:30:55","slug":"ochrana-osobnych-udajov","status":"publish","type":"page","link":"https:\/\/lifework.sk\/en\/ochrana-osobnych-udajov\/","title":{"rendered":"GDPR"},"content":{"rendered":"<p><\/p>\n<h2>Sprac\u00favanie osobn\u00fdch \u00fadajov<\/h2>\n<p>V tejto sekcii sa dozviete, ako naklad\u00e1me s va\u0161imi osobn\u00fdmi \u00fadajmi a ak\u00e9 s\u00fa va\u0161e pr\u00e1va v zmysle Nariadenia Eur\u00f3pskeho parlamentu a Rady (E\u00da) 2016\/679 z 27. apr\u00edla 2016 o ochrane fyzick\u00fdch os\u00f4b pri sprac\u00favan\u00ed osobn\u00fdch \u00fadajov a o vo\u013enom pohybe tak\u00fdchto \u00fadajov, ktor\u00fdm sa zru\u0161uje smernica 95\/46\/ES (v\u0161eobecn\u00e9 nariadenie o ochrane \u00fadajov, \u010falej aj \u201cNariadenie\u201d) a z\u00e1kona \u010d. 18\/2018 Z. z. o ochrane osobn\u00fdch \u00fadajov a o zmene a doplnen\u00ed niektor\u00fdch z\u00e1konov (\u010falej aj \u201cZ\u00e1kon\u201d).<\/p>\n<h3>Prev\u00e1dzkovate\u013e<\/h3>\n<p>Lifework s.r.o., so s\u00eddlom \u010cajakova 32, 831 01 Bratislava, I\u010cO: 50\u00a0915\u00a0002<\/p>\n<h3>Zodpovedn\u00e1 osoba (DPO)<\/h3>\n<p>Zodpovedn\u00fa osobu (data protection officer) m\u00f4\u017eete kontaktova\u0165 na adrese spolo\u010dnosti: Lifework s.r.o., so s\u00eddlom \u010cajakova 32, 831 01 Bratislava alebo prostredn\u00edctvom e-mailu:\u00a0info@lifework.sk<\/p>\n<p>Odpor\u00fa\u010dame pre\u010d\u00edta\u0165 si cel\u00e9 pravidl\u00e1 a z\u00e1sady, ktor\u00e9 n\u00e1jdete v nasleduj\u00facich dokumentoch na stiahnutie:<\/p>\n<h3>Pr\u00e1va dotknut\u00fdch os\u00f4b:<\/h3>\n<p><a href=\"\/wp-content\/uploads\/2021\/12\/Aky\u0301m-spo\u0302sobom-mo\u0302z\u030ce-dotknuta\u0301-osoba-uplatnit\u030c-svoje-pra\u0301vo-a-aky\u0301-je-postup-spoloc\u030cnosti-Lifework-s.pdf\" target=\"_blank\" rel=\"noopener\">Preh\u013ead pr\u00e1v dotknutej osoby<\/a><\/p>\n<p><a href=\"\/wp-content\/uploads\/2021\/12\/Pra\u0301va-dotknuty\u0301ch-oso\u0302b-podl\u030ca-Nariadenia.pdf\" target=\"_blank\" rel=\"noopener\">V\u00fdkon pr\u00e1v dotknutej osoby<\/a><\/p>\n<p><a href=\"\/wp-content\/uploads\/2021\/12\/Ozna\u0301menie-porus\u030cenia-ochrany-osobny\u0301ch-u\u0301dajov-dotknutej.pdf\" target=\"_blank\" rel=\"noopener\">Ozn\u00e1menie poru\u0161enia ochrany osobn\u00fdch \u00fadajov dotknutej osobe<\/a><\/p>\n<p><a href=\"\/wp-content\/uploads\/2021\/12\/Z\u030cIADOST\u030c-NA-VY\u0301KON-PRA\u0301VA-DOTKNUTEJ-OSOBY.pdf\" target=\"_blank\" rel=\"noopener\">\u017diados\u0165 na v\u00fdkon pr\u00e1va dotknutej osoby<\/a><\/p>\n<h3>Inform\u00e1cie o\u00a0sprac\u00favan\u00ed osobn\u00fdch \u00fadajov:<\/h3>\n<p><a href=\"\/wp-content\/uploads\/2021\/12\/Podmienky-a-informa\u0301cie-o-spracu\u0301vani\u0301-osobny\u0301ch-u\u0301dajov_obchodni\u0301-partneri.pdf\" target=\"_blank\" rel=\"noopener\">Inform\u00e1cia o sprac\u00favan\u00ed osobn\u00fdch \u00fadajov pre obchodn\u00fdch partnerov<\/a><\/p>\n<p><a href=\"\/wp-content\/uploads\/2021\/12\/Podmienky-a-informa\u0301cie-o-spracova\u0301vani\u0301-osobny\u0301ch-u\u0301dajov-ucha\u0301dzac\u030ci-o-zamestnanie.pdf\" target=\"_blank\" rel=\"noopener\">Inform\u00e1cia o sprac\u00favan\u00ed osobn\u00fdch \u00fadajov pre uch\u00e1dza\u010dov o zamestnanie<\/a><\/p>\n<p><a href=\"\/wp-content\/uploads\/2021\/12\/Podmienky-a-informa\u0301cie-o-spracova\u0301vani\u0301-osobny\u0301ch-u\u0301dajov_workshop.pdf\" target=\"_blank\" rel=\"noopener\">Inform\u00e1cia o\u00a0sprac\u00favan\u00ed osobn\u00fdch \u00fadajov \u2013 workshop<\/a><\/p>\n<p><a href=\"\/wp-content\/uploads\/2021\/12\/Podmienky-a-informa\u0301cie-o-spracova\u0301vani\u0301-osobny\u0301ch-u\u0301dajov_Osobnostny\u0301-dotazni\u0301k.pdf\" target=\"_blank\" rel=\"noopener\">Inform\u00e1cia o\u00a0sprac\u00favan\u00ed osobn\u00fdch \u00fadajov \u2013 osobnostn\u00fd dotazn\u00edk<\/a><\/p>\n<p><a href=\"\/wp-content\/uploads\/2021\/12\/Podmienky-a-informa\u0301cie-o-spracova\u0301vani\u0301-osobny\u0301ch-u\u0301dajov_Kontaktny\u0301-formula\u0301r.pdf\" target=\"_blank\" rel=\"noopener\">Inform\u00e1cia o\u00a0sprac\u00favan\u00ed osobn\u00fdch \u00fadajov \u2013 kontaktn\u00fd formul\u00e1r<\/a><\/p>\n<p><\/p>","protected":false},"excerpt":{"rendered":"<p>Sprac\u00favanie osobn\u00fdch \u00fadajov V tejto sekcii sa dozviete, ako naklad\u00e1me s va\u0161imi osobn\u00fdmi \u00fadajmi a ak\u00e9 s\u00fa va\u0161e pr\u00e1va v zmysle Nariadenia Eur\u00f3pskeho parlamentu a Rady (E\u00da) 2016\/679 z 27. apr\u00edla 2016 o ochrane fyzick\u00fdch os\u00f4b pri sprac\u00favan\u00ed osobn\u00fdch \u00fadajov a o vo\u013enom pohybe tak\u00fdchto \u00fadajov, ktor\u00fdm sa zru\u0161uje smernica 95\/46\/ES (v\u0161eobecn\u00e9 nariadenie o ochrane [&hellip;]<\/p>\n","protected":false},"author":1,"featured_media":443,"parent":0,"menu_order":0,"comment_status":"closed","ping_status":"closed","template":"","meta":{"_acf_changed":false,"footnotes":""},"class_list":["post-511","page","type-page","status-publish","has-post-thumbnail","hentry"],"acf":[],"_links":{"self":[{"href":"https:\/\/lifework.sk\/en\/wp-json\/wp\/v2\/pages\/511","targetHints":{"allow":["GET"]}}],"collection":[{"href":"https:\/\/lifework.sk\/en\/wp-json\/wp\/v2\/pages"}],"about":[{"href":"https:\/\/lifework.sk\/en\/wp-json\/wp\/v2\/types\/page"}],"author":[{"embeddable":true,"href":"https:\/\/lifework.sk\/en\/wp-json\/wp\/v2\/users\/1"}],"replies":[{"embeddable":true,"href":"https:\/\/lifework.sk\/en\/wp-json\/wp\/v2\/comments?post=511"}],"version-history":[{"count":6,"href":"https:\/\/lifework.sk\/en\/wp-json\/wp\/v2\/pages\/511\/revisions"}],"predecessor-version":[{"id":609,"href":"https:\/\/lifework.sk\/en\/wp-json\/wp\/v2\/pages\/511\/revisions\/609"}],"wp:featuredmedia":[{"embeddable":true,"href":"https:\/\/lifework.sk\/en\/wp-json\/wp\/v2\/media\/443"}],"wp:attachment":[{"href":"https:\/\/lifework.sk\/en\/wp-json\/wp\/v2\/media?parent=511"}],"curies":[{"name":"wp","href":"https:\/\/api.w.org\/{rel}","templated":true}]}}